{"id":240,"date":"2024-08-26T07:53:10","date_gmt":"2024-08-26T07:53:10","guid":{"rendered":"https:\/\/krosigker-spatzennest.de\/?page_id=240"},"modified":"2024-09-26T13:35:11","modified_gmt":"2024-09-26T13:35:11","slug":"unsere-gruppen","status":"publish","type":"page","link":"https:\/\/krosigker-spatzennest.de\/?page_id=240","title":{"rendered":"Unsere Gruppen"},"content":{"rendered":"\t\t<div data-elementor-type=\"wp-page\" data-elementor-id=\"240\" class=\"elementor elementor-240\">\n\t\t\t\t<div class=\"elementor-element elementor-element-03f1549 e-flex e-con-boxed e-con e-parent\" data-id=\"03f1549\" data-element_type=\"container\" data-settings=\"{&quot;content_width&quot;:&quot;boxed&quot;}\" data-core-v316-plus=\"true\">\n\t\t\t\t\t<div class=\"e-con-inner\">\n\t\t<div class=\"elementor-element elementor-element-ee95962 e-con-full e-flex e-con e-child\" data-id=\"ee95962\" data-element_type=\"container\" data-settings=\"{&quot;content_width&quot;:&quot;full&quot;}\">\n\t\t\t\t<div class=\"elementor-element elementor-element-a68ff4f elementor-widget elementor-widget-heading\" data-id=\"a68ff4f\" data-element_type=\"widget\" data-widget_type=\"heading.default\">\n\t\t\t\t<div class=\"elementor-widget-container\">\n\t\t\t<style>\/*! elementor - v3.19.0 - 28-02-2024 *\/\n.elementor-heading-title{padding:0;margin:0;line-height:1}.elementor-widget-heading .elementor-heading-title[class*=elementor-size-]>a{color:inherit;font-size:inherit;line-height:inherit}.elementor-widget-heading .elementor-heading-title.elementor-size-small{font-size:15px}.elementor-widget-heading .elementor-heading-title.elementor-size-medium{font-size:19px}.elementor-widget-heading .elementor-heading-title.elementor-size-large{font-size:29px}.elementor-widget-heading .elementor-heading-title.elementor-size-xl{font-size:39px}.elementor-widget-heading .elementor-heading-title.elementor-size-xxl{font-size:59px}<\/style><h2 class=\"elementor-heading-title elementor-size-default\">B\u00e4rchen<\/h2>\t\t<\/div>\n\t\t\t\t<\/div>\n\t\t\t\t<div class=\"elementor-element elementor-element-e61db40 elementor-widget elementor-widget-text-editor\" data-id=\"e61db40\" data-element_type=\"widget\" data-widget_type=\"text-editor.default\">\n\t\t\t\t<div class=\"elementor-widget-container\">\n\t\t\t<style>\/*! elementor - v3.19.0 - 28-02-2024 *\/\n.elementor-widget-text-editor.elementor-drop-cap-view-stacked .elementor-drop-cap{background-color:#69727d;color:#fff}.elementor-widget-text-editor.elementor-drop-cap-view-framed .elementor-drop-cap{color:#69727d;border:3px solid;background-color:transparent}.elementor-widget-text-editor:not(.elementor-drop-cap-view-default) .elementor-drop-cap{margin-top:8px}.elementor-widget-text-editor:not(.elementor-drop-cap-view-default) .elementor-drop-cap-letter{width:1em;height:1em}.elementor-widget-text-editor .elementor-drop-cap{float:left;text-align:center;line-height:1;font-size:50px}.elementor-widget-text-editor .elementor-drop-cap-letter{display:inline-block}<\/style>\t\t\t\t<ul><li>Altersgruppe 8 Wochen bis zum 3 Lebensjahr<\/li><\/ul><ul><li>Platz f\u00fcr 15 Kinder<\/li><\/ul><ul><li>Beginn der sozialen Gemeinschaft und Lernen von allt\u00e4glichen Dingen, wie<ul><li>Essen und Trinken<\/li><li>An- und Auskleiden<\/li><li>Gehen, Rennen und Springen<\/li><li>Sprechen, Lachen und ganz viel Spielen<\/li><\/ul><\/li><\/ul>\t\t\t\t\t\t<\/div>\n\t\t\t\t<\/div>\n\t\t\t\t<\/div>\n\t\t<div class=\"elementor-element elementor-element-8fa1e6c e-con-full e-flex e-con e-child\" data-id=\"8fa1e6c\" data-element_type=\"container\" data-settings=\"{&quot;content_width&quot;:&quot;full&quot;}\">\n\t\t\t\t<div class=\"elementor-element elementor-element-185b209 elementor-widget elementor-widget-image\" data-id=\"185b209\" data-element_type=\"widget\" data-widget_type=\"image.default\">\n\t\t\t\t<div class=\"elementor-widget-container\">\n\t\t\t<style>\/*! elementor - v3.19.0 - 28-02-2024 *\/\n.elementor-widget-image{text-align:center}.elementor-widget-image a{display:inline-block}.elementor-widget-image a img[src$=\".svg\"]{width:48px}.elementor-widget-image img{vertical-align:middle;display:inline-block}<\/style>\t\t\t\t\t\t\t\t\t\t<img fetchpriority=\"high\" decoding=\"async\" width=\"555\" height=\"335\" src=\"https:\/\/krosigker-spatzennest.de\/wp-content\/uploads\/2024\/08\/Baerchen1-555x335.jpeg\" class=\"attachment-preschool-and-kindergarten-about-thumb size-preschool-and-kindergarten-about-thumb wp-image-246\" alt=\"\" \/>\t\t\t\t\t\t\t\t\t\t\t\t\t<\/div>\n\t\t\t\t<\/div>\n\t\t\t\t<\/div>\n\t\t<div class=\"elementor-element elementor-element-45cce84 e-con-full e-flex e-con e-child\" data-id=\"45cce84\" data-element_type=\"container\" data-settings=\"{&quot;content_width&quot;:&quot;full&quot;}\">\n\t\t\t\t<div class=\"elementor-element elementor-element-272e718 elementor-widget elementor-widget-image\" data-id=\"272e718\" data-element_type=\"widget\" data-widget_type=\"image.default\">\n\t\t\t\t<div class=\"elementor-widget-container\">\n\t\t\t\t\t\t\t\t\t\t\t\t\t<img decoding=\"async\" width=\"555\" height=\"335\" src=\"https:\/\/krosigker-spatzennest.de\/wp-content\/uploads\/2024\/08\/Baerchen-2-555x335.jpeg\" class=\"attachment-preschool-and-kindergarten-about-thumb size-preschool-and-kindergarten-about-thumb wp-image-244\" alt=\"\" \/>\t\t\t\t\t\t\t\t\t\t\t\t\t<\/div>\n\t\t\t\t<\/div>\n\t\t\t\t<\/div>\n\t\t<div class=\"elementor-element elementor-element-9ab366a e-con-full e-flex e-con e-child\" data-id=\"9ab366a\" data-element_type=\"container\" data-settings=\"{&quot;content_width&quot;:&quot;full&quot;}\">\n\t\t\t\t<div class=\"elementor-element elementor-element-b85f849 elementor-widget elementor-widget-image\" data-id=\"b85f849\" data-element_type=\"widget\" data-widget_type=\"image.default\">\n\t\t\t\t<div class=\"elementor-widget-container\">\n\t\t\t\t\t\t\t\t\t\t\t\t\t<img decoding=\"async\" width=\"555\" height=\"335\" src=\"https:\/\/krosigker-spatzennest.de\/wp-content\/uploads\/2024\/08\/Baerchen-1-555x335.jpeg\" class=\"attachment-preschool-and-kindergarten-about-thumb size-preschool-and-kindergarten-about-thumb wp-image-245\" alt=\"\" \/>\t\t\t\t\t\t\t\t\t\t\t\t\t<\/div>\n\t\t\t\t<\/div>\n\t\t\t\t<\/div>\n\t\t\t\t\t<\/div>\n\t\t\t\t<\/div>\n\t\t<div class=\"elementor-element elementor-element-f0d39a0 e-flex e-con-boxed e-con e-parent\" data-id=\"f0d39a0\" data-element_type=\"container\" data-settings=\"{&quot;content_width&quot;:&quot;boxed&quot;}\" data-core-v316-plus=\"true\">\n\t\t\t\t\t<div class=\"e-con-inner\">\n\t\t<div class=\"elementor-element elementor-element-048bc46 e-con-full e-flex e-con e-child\" data-id=\"048bc46\" data-element_type=\"container\" data-settings=\"{&quot;content_width&quot;:&quot;full&quot;}\">\n\t\t\t\t<div class=\"elementor-element elementor-element-daa3d82 elementor-widget elementor-widget-image\" data-id=\"daa3d82\" data-element_type=\"widget\" data-widget_type=\"image.default\">\n\t\t\t\t<div class=\"elementor-widget-container\">\n\t\t\t\t\t\t\t\t\t\t\t\t\t<img loading=\"lazy\" decoding=\"async\" width=\"768\" height=\"1024\" src=\"https:\/\/krosigker-spatzennest.de\/wp-content\/uploads\/2024\/08\/Bienchen1-768x1024.jpeg\" class=\"attachment-large size-large wp-image-247\" alt=\"\" srcset=\"https:\/\/krosigker-spatzennest.de\/wp-content\/uploads\/2024\/08\/Bienchen1-768x1024.jpeg 768w, https:\/\/krosigker-spatzennest.de\/wp-content\/uploads\/2024\/08\/Bienchen1-225x300.jpeg 225w, https:\/\/krosigker-spatzennest.de\/wp-content\/uploads\/2024\/08\/Bienchen1-1152x1536.jpeg 1152w, https:\/\/krosigker-spatzennest.de\/wp-content\/uploads\/2024\/08\/Bienchen1.jpeg 1536w\" sizes=\"(max-width: 768px) 100vw, 768px\" \/>\t\t\t\t\t\t\t\t\t\t\t\t\t<\/div>\n\t\t\t\t<\/div>\n\t\t\t\t<\/div>\n\t\t<div class=\"elementor-element elementor-element-fdeba21 e-con-full e-flex e-con e-child\" data-id=\"fdeba21\" data-element_type=\"container\" data-settings=\"{&quot;content_width&quot;:&quot;full&quot;}\">\n\t\t\t\t<div class=\"elementor-element elementor-element-3b28665 elementor-widget elementor-widget-heading\" data-id=\"3b28665\" data-element_type=\"widget\" data-widget_type=\"heading.default\">\n\t\t\t\t<div class=\"elementor-widget-container\">\n\t\t\t<h2 class=\"elementor-heading-title elementor-size-default\">Bienen<\/h2>\t\t<\/div>\n\t\t\t\t<\/div>\n\t\t\t\t<div class=\"elementor-element elementor-element-aa8bb65 elementor-widget elementor-widget-text-editor\" data-id=\"aa8bb65\" data-element_type=\"widget\" data-widget_type=\"text-editor.default\">\n\t\t\t\t<div class=\"elementor-widget-container\">\n\t\t\t\t\t\t\t<ul><li>Altersgruppe 3 &#8211; 5 Jahre<\/li><\/ul><ul><li>Platz f\u00fcr 25 Kinder<\/li><\/ul><ul><li>Erlernen von motorischen F\u00e4higkeiten:<ul><li>Umgang mit Schere, Messer und Gabel<\/li><li>Zusammenspiel mit anderen Kindern<\/li><li>Konflikte l\u00f6sen und Auftr\u00e4ge erf\u00fcllen<\/li><li>Freundschaften schlie\u00dfen und zusammen ganz viel Lachen<\/li><\/ul><\/li><\/ul>\t\t\t\t\t\t<\/div>\n\t\t\t\t<\/div>\n\t\t\t\t<\/div>\n\t\t<div class=\"elementor-element elementor-element-34d4259 e-con-full e-flex e-con e-child\" data-id=\"34d4259\" data-element_type=\"container\" data-settings=\"{&quot;content_width&quot;:&quot;full&quot;}\">\n\t\t\t\t<div class=\"elementor-element elementor-element-abf6448 elementor-widget elementor-widget-image\" data-id=\"abf6448\" data-element_type=\"widget\" data-widget_type=\"image.default\">\n\t\t\t\t<div class=\"elementor-widget-container\">\n\t\t\t\t\t\t\t\t\t\t\t\t\t<img loading=\"lazy\" decoding=\"async\" width=\"960\" height=\"720\" src=\"https:\/\/krosigker-spatzennest.de\/wp-content\/uploads\/2024\/08\/Bienchen.jpeg\" class=\"attachment-1536x1536 size-1536x1536 wp-image-248\" alt=\"\" srcset=\"https:\/\/krosigker-spatzennest.de\/wp-content\/uploads\/2024\/08\/Bienchen.jpeg 960w, https:\/\/krosigker-spatzennest.de\/wp-content\/uploads\/2024\/08\/Bienchen-300x225.jpeg 300w, https:\/\/krosigker-spatzennest.de\/wp-content\/uploads\/2024\/08\/Bienchen-768x576.jpeg 768w\" sizes=\"(max-width: 960px) 100vw, 960px\" \/>\t\t\t\t\t\t\t\t\t\t\t\t\t<\/div>\n\t\t\t\t<\/div>\n\t\t\t\t<\/div>\n\t\t\t\t\t<\/div>\n\t\t\t\t<\/div>\n\t\t<div class=\"elementor-element elementor-element-c8849eb e-flex e-con-boxed e-con e-parent\" data-id=\"c8849eb\" data-element_type=\"container\" data-settings=\"{&quot;content_width&quot;:&quot;boxed&quot;}\" data-core-v316-plus=\"true\">\n\t\t\t\t\t<div class=\"e-con-inner\">\n\t\t<div class=\"elementor-element elementor-element-9be5e1f e-con-full e-flex e-con e-child\" data-id=\"9be5e1f\" data-element_type=\"container\" data-settings=\"{&quot;content_width&quot;:&quot;full&quot;}\">\n\t\t\t\t<div class=\"elementor-element elementor-element-e94e03d elementor-widget elementor-widget-image\" data-id=\"e94e03d\" data-element_type=\"widget\" data-widget_type=\"image.default\">\n\t\t\t\t<div class=\"elementor-widget-container\">\n\t\t\t\t\t\t\t\t\t\t\t\t\t<img loading=\"lazy\" decoding=\"async\" width=\"555\" height=\"335\" src=\"https:\/\/krosigker-spatzennest.de\/wp-content\/uploads\/2024\/08\/Fische-1-555x335.jpeg\" class=\"attachment-preschool-and-kindergarten-about-thumb size-preschool-and-kindergarten-about-thumb wp-image-249\" alt=\"\" \/>\t\t\t\t\t\t\t\t\t\t\t\t\t<\/div>\n\t\t\t\t<\/div>\n\t\t\t\t<\/div>\n\t\t<div class=\"elementor-element elementor-element-ed90617 e-con-full e-flex e-con e-child\" data-id=\"ed90617\" data-element_type=\"container\" data-settings=\"{&quot;content_width&quot;:&quot;full&quot;}\">\n\t\t\t\t<div class=\"elementor-element elementor-element-84aa728 elementor-widget elementor-widget-heading\" data-id=\"84aa728\" data-element_type=\"widget\" data-widget_type=\"heading.default\">\n\t\t\t\t<div class=\"elementor-widget-container\">\n\t\t\t<h2 class=\"elementor-heading-title elementor-size-default\">Fische<\/h2>\t\t<\/div>\n\t\t\t\t<\/div>\n\t\t\t\t<div class=\"elementor-element elementor-element-8255eaa elementor-widget elementor-widget-text-editor\" data-id=\"8255eaa\" data-element_type=\"widget\" data-widget_type=\"text-editor.default\">\n\t\t\t\t<div class=\"elementor-widget-container\">\n\t\t\t\t\t\t\t<ul><li>Altersgruppe 5 Jahre bis zur Einschulung<\/li><\/ul><ul><li>Platz f\u00fcr 20 Kinder<\/li><\/ul><ul><li>Integration der Vorschulerziehung in den Kita &#8211; Alltag:<ul><li>\u00dcben des Gebrauchs der Federmappe<\/li><li>Durchf\u00fchrung spezieller Vorschulangebote<\/li><li>Festlegung von F\u00f6rderbedarf bei Lernschwierigkeiten mit Unterst\u00fctzung einer Grundschullehrerin<\/li><\/ul><\/li><\/ul>\t\t\t\t\t\t<\/div>\n\t\t\t\t<\/div>\n\t\t\t\t<\/div>\n\t\t<div class=\"elementor-element elementor-element-900e9bc e-con-full e-flex e-con e-child\" data-id=\"900e9bc\" data-element_type=\"container\" data-settings=\"{&quot;content_width&quot;:&quot;full&quot;}\">\n\t\t\t\t<div class=\"elementor-element elementor-element-b20c3f7 elementor-widget elementor-widget-image\" data-id=\"b20c3f7\" data-element_type=\"widget\" data-widget_type=\"image.default\">\n\t\t\t\t<div class=\"elementor-widget-container\">\n\t\t\t\t\t\t\t\t\t\t\t\t\t<img loading=\"lazy\" decoding=\"async\" width=\"555\" height=\"335\" src=\"https:\/\/krosigker-spatzennest.de\/wp-content\/uploads\/2024\/08\/Fische-2-555x335.jpeg\" class=\"attachment-preschool-and-kindergarten-about-thumb size-preschool-and-kindergarten-about-thumb wp-image-250\" alt=\"\" \/>\t\t\t\t\t\t\t\t\t\t\t\t\t<\/div>\n\t\t\t\t<\/div>\n\t\t\t\t<\/div>\n\t\t<div class=\"elementor-element elementor-element-5676165 e-con-full e-flex e-con e-child\" data-id=\"5676165\" data-element_type=\"container\" data-settings=\"{&quot;content_width&quot;:&quot;full&quot;}\">\n\t\t\t\t<div class=\"elementor-element elementor-element-db13361 elementor-widget elementor-widget-image\" data-id=\"db13361\" data-element_type=\"widget\" data-widget_type=\"image.default\">\n\t\t\t\t<div class=\"elementor-widget-container\">\n\t\t\t\t\t\t\t\t\t\t\t\t\t<img loading=\"lazy\" decoding=\"async\" width=\"555\" height=\"335\" src=\"https:\/\/krosigker-spatzennest.de\/wp-content\/uploads\/2024\/08\/Fische3-555x335.jpeg\" class=\"attachment-preschool-and-kindergarten-about-thumb size-preschool-and-kindergarten-about-thumb wp-image-251\" alt=\"\" \/>\t\t\t\t\t\t\t\t\t\t\t\t\t<\/div>\n\t\t\t\t<\/div>\n\t\t\t\t<\/div>\n\t\t\t\t\t<\/div>\n\t\t\t\t<\/div>\n\t\t<div class=\"elementor-element elementor-element-a7c6bf9 e-flex e-con-boxed e-con e-parent\" data-id=\"a7c6bf9\" data-element_type=\"container\" data-settings=\"{&quot;content_width&quot;:&quot;boxed&quot;}\" data-core-v316-plus=\"true\">\n\t\t\t\t\t<div class=\"e-con-inner\">\n\t\t<div class=\"elementor-element elementor-element-82d6c06 e-con-full e-flex e-con e-child\" data-id=\"82d6c06\" data-element_type=\"container\" data-settings=\"{&quot;content_width&quot;:&quot;full&quot;}\">\n\t\t\t\t<div class=\"elementor-element elementor-element-67a89c8 elementor-widget elementor-widget-heading\" data-id=\"67a89c8\" data-element_type=\"widget\" data-widget_type=\"heading.default\">\n\t\t\t\t<div class=\"elementor-widget-container\">\n\t\t\t<h2 class=\"elementor-heading-title elementor-size-default\">Hort<\/h2>\t\t<\/div>\n\t\t\t\t<\/div>\n\t\t\t\t<div class=\"elementor-element elementor-element-745848e elementor-widget elementor-widget-text-editor\" data-id=\"745848e\" data-element_type=\"widget\" data-widget_type=\"text-editor.default\">\n\t\t\t\t<div class=\"elementor-widget-container\">\n\t\t\t\t\t\t\t<ul><li>Au\u00dfenstelle Kaltenmark<\/li><\/ul><ul><li>Betreuung 1. &#8211; 4. Klasse<\/li><\/ul><ul><li>Platz f\u00fcr 15 Kinder<\/li><\/ul><ul><li>Eine gesamte Gruppe<\/li><\/ul><ul><li>Abholung der Kinder vom Bus<\/li><\/ul><ul><li>Gemeinsames Vesper<\/li><\/ul><ul><li>betreute Erledigung der Hausaufgaben und Spielzeit<\/li><\/ul>\t\t\t\t\t\t<\/div>\n\t\t\t\t<\/div>\n\t\t\t\t<\/div>\n\t\t<div class=\"elementor-element elementor-element-4ec1b6d e-con-full e-flex e-con e-child\" data-id=\"4ec1b6d\" data-element_type=\"container\" data-settings=\"{&quot;content_width&quot;:&quot;full&quot;}\">\n\t\t\t\t<div class=\"elementor-element elementor-element-0250a42 elementor-widget elementor-widget-image\" data-id=\"0250a42\" data-element_type=\"widget\" data-widget_type=\"image.default\">\n\t\t\t\t<div class=\"elementor-widget-container\">\n\t\t\t\t\t\t\t\t\t\t\t\t\t<img loading=\"lazy\" decoding=\"async\" width=\"720\" height=\"960\" src=\"https:\/\/krosigker-spatzennest.de\/wp-content\/uploads\/2024\/08\/Hprt.jpeg\" class=\"attachment-large size-large wp-image-253\" alt=\"\" srcset=\"https:\/\/krosigker-spatzennest.de\/wp-content\/uploads\/2024\/08\/Hprt.jpeg 720w, https:\/\/krosigker-spatzennest.de\/wp-content\/uploads\/2024\/08\/Hprt-225x300.jpeg 225w\" sizes=\"(max-width: 720px) 100vw, 720px\" \/>\t\t\t\t\t\t\t\t\t\t\t\t\t<\/div>\n\t\t\t\t<\/div>\n\t\t\t\t<\/div>\n\t\t<div class=\"elementor-element elementor-element-774fb97 e-con-full e-flex e-con e-child\" data-id=\"774fb97\" data-element_type=\"container\" data-settings=\"{&quot;content_width&quot;:&quot;full&quot;}\">\n\t\t\t\t<div class=\"elementor-element elementor-element-ad5db02 elementor-widget elementor-widget-image\" data-id=\"ad5db02\" data-element_type=\"widget\" data-widget_type=\"image.default\">\n\t\t\t\t<div class=\"elementor-widget-container\">\n\t\t\t\t\t\t\t\t\t\t\t\t\t<img loading=\"lazy\" decoding=\"async\" width=\"832\" height=\"624\" src=\"https:\/\/krosigker-spatzennest.de\/wp-content\/uploads\/2024\/08\/Hort2.jpeg\" class=\"attachment-large size-large wp-image-252\" alt=\"\" srcset=\"https:\/\/krosigker-spatzennest.de\/wp-content\/uploads\/2024\/08\/Hort2.jpeg 960w, https:\/\/krosigker-spatzennest.de\/wp-content\/uploads\/2024\/08\/Hort2-300x225.jpeg 300w, https:\/\/krosigker-spatzennest.de\/wp-content\/uploads\/2024\/08\/Hort2-768x576.jpeg 768w\" sizes=\"(max-width: 832px) 100vw, 832px\" \/>\t\t\t\t\t\t\t\t\t\t\t\t\t<\/div>\n\t\t\t\t<\/div>\n\t\t\t\t<\/div>\n\t\t\t\t\t<\/div>\n\t\t\t\t<\/div>\n\t\t<div class=\"elementor-element elementor-element-4b2a75b e-flex e-con-boxed e-con e-parent\" data-id=\"4b2a75b\" data-element_type=\"container\" data-settings=\"{&quot;content_width&quot;:&quot;boxed&quot;}\" data-core-v316-plus=\"true\">\n\t\t\t\t\t<div class=\"e-con-inner\">\n\t\t\t\t<div class=\"elementor-element elementor-element-0f6eec7 elementor-widget elementor-widget-heading\" data-id=\"0f6eec7\" data-element_type=\"widget\" data-widget_type=\"heading.default\">\n\t\t\t\t<div class=\"elementor-widget-container\">\n\t\t\t<h2 class=\"elementor-heading-title elementor-size-default\">Weitere Impressionen<\/h2>\t\t<\/div>\n\t\t\t\t<\/div>\n\t\t\t\t\t<\/div>\n\t\t\t\t<\/div>\n\t\t<div class=\"elementor-element elementor-element-736747a e-flex e-con-boxed e-con e-parent\" data-id=\"736747a\" data-element_type=\"container\" data-settings=\"{&quot;content_width&quot;:&quot;boxed&quot;}\" data-core-v316-plus=\"true\">\n\t\t\t\t\t<div class=\"e-con-inner\">\n\t\t<div class=\"elementor-element elementor-element-49126b3 e-con-full e-flex e-con e-child\" data-id=\"49126b3\" data-element_type=\"container\" data-settings=\"{&quot;content_width&quot;:&quot;full&quot;}\">\n\t\t\t\t<div class=\"elementor-element elementor-element-daea8be elementor-widget elementor-widget-image\" data-id=\"daea8be\" data-element_type=\"widget\" data-widget_type=\"image.default\">\n\t\t\t\t<div class=\"elementor-widget-container\">\n\t\t\t\t\t\t\t\t\t\t\t\t\t<img loading=\"lazy\" decoding=\"async\" width=\"570\" height=\"474\" src=\"https:\/\/krosigker-spatzennest.de\/wp-content\/uploads\/2024\/08\/WhatsApp-Image-2024-08-18-at-23.32.55-1-570x474.jpeg\" class=\"attachment-preschool-and-kindergarten-testimonials-thumb size-preschool-and-kindergarten-testimonials-thumb wp-image-254\" alt=\"\" \/>\t\t\t\t\t\t\t\t\t\t\t\t\t<\/div>\n\t\t\t\t<\/div>\n\t\t\t\t<\/div>\n\t\t<div class=\"elementor-element elementor-element-e57de3b e-con-full e-flex e-con e-child\" data-id=\"e57de3b\" data-element_type=\"container\" data-settings=\"{&quot;content_width&quot;:&quot;full&quot;}\">\n\t\t\t\t<div class=\"elementor-element elementor-element-c55c63d elementor-widget elementor-widget-image\" data-id=\"c55c63d\" data-element_type=\"widget\" data-widget_type=\"image.default\">\n\t\t\t\t<div class=\"elementor-widget-container\">\n\t\t\t\t\t\t\t\t\t\t\t\t\t<img loading=\"lazy\" decoding=\"async\" width=\"832\" height=\"624\" src=\"https:\/\/krosigker-spatzennest.de\/wp-content\/uploads\/2024\/08\/Vorraum.jpeg\" class=\"attachment-large size-large wp-image-255\" alt=\"\" srcset=\"https:\/\/krosigker-spatzennest.de\/wp-content\/uploads\/2024\/08\/Vorraum.jpeg 960w, https:\/\/krosigker-spatzennest.de\/wp-content\/uploads\/2024\/08\/Vorraum-300x225.jpeg 300w, https:\/\/krosigker-spatzennest.de\/wp-content\/uploads\/2024\/08\/Vorraum-768x576.jpeg 768w\" sizes=\"(max-width: 832px) 100vw, 832px\" \/>\t\t\t\t\t\t\t\t\t\t\t\t\t<\/div>\n\t\t\t\t<\/div>\n\t\t\t\t<\/div>\n\t\t<div class=\"elementor-element elementor-element-5cfd79e e-con-full e-flex e-con e-child\" data-id=\"5cfd79e\" data-element_type=\"container\" data-settings=\"{&quot;content_width&quot;:&quot;full&quot;}\">\n\t\t\t\t<div class=\"elementor-element elementor-element-45d265a elementor-widget elementor-widget-image\" data-id=\"45d265a\" data-element_type=\"widget\" data-widget_type=\"image.default\">\n\t\t\t\t<div class=\"elementor-widget-container\">\n\t\t\t\t\t\t\t\t\t\t\t\t\t<img loading=\"lazy\" decoding=\"async\" width=\"570\" height=\"474\" src=\"https:\/\/krosigker-spatzennest.de\/wp-content\/uploads\/2024\/08\/Aussen4-570x474.jpeg\" class=\"attachment-preschool-and-kindergarten-testimonials-thumb size-preschool-and-kindergarten-testimonials-thumb wp-image-256\" alt=\"\" \/>\t\t\t\t\t\t\t\t\t\t\t\t\t<\/div>\n\t\t\t\t<\/div>\n\t\t\t\t<\/div>\n\t\t<div class=\"elementor-element elementor-element-dc3cbec e-con-full e-flex e-con e-child\" data-id=\"dc3cbec\" data-element_type=\"container\" data-settings=\"{&quot;content_width&quot;:&quot;full&quot;}\">\n\t\t\t\t<div class=\"elementor-element elementor-element-499bb26 elementor-widget elementor-widget-image\" data-id=\"499bb26\" data-element_type=\"widget\" data-widget_type=\"image.default\">\n\t\t\t\t<div class=\"elementor-widget-container\">\n\t\t\t\t\t\t\t\t\t\t\t\t\t<img loading=\"lazy\" decoding=\"async\" width=\"570\" height=\"474\" src=\"https:\/\/krosigker-spatzennest.de\/wp-content\/uploads\/2024\/08\/WhatsApp-Image-2024-08-18-at-23.33.32-570x474.jpeg\" class=\"attachment-preschool-and-kindergarten-testimonials-thumb size-preschool-and-kindergarten-testimonials-thumb wp-image-257\" alt=\"\" \/>\t\t\t\t\t\t\t\t\t\t\t\t\t<\/div>\n\t\t\t\t<\/div>\n\t\t\t\t<\/div>\n\t\t\t\t\t<\/div>\n\t\t\t\t<\/div>\n\t\t\t\t<\/div>\n\t\t","protected":false},"excerpt":{"rendered":"<p>B\u00e4rchen Altersgruppe 8 Wochen bis zum 3 Lebensjahr Platz f\u00fcr 15 Kinder Beginn der sozialen Gemeinschaft und Lernen von allt\u00e4glichen Dingen, wie Essen und Trinken An- und Auskleiden Gehen, Rennen und Springen Sprechen, Lachen und ganz viel Spielen Bienen Altersgruppe &hellip; <\/p>\n","protected":false},"author":1,"featured_media":0,"parent":0,"menu_order":3,"comment_status":"closed","ping_status":"closed","template":"","meta":{"footnotes":""},"class_list":["post-240","page","type-page","status-publish","hentry"],"_links":{"self":[{"href":"https:\/\/krosigker-spatzennest.de\/index.php?rest_route=\/wp\/v2\/pages\/240","targetHints":{"allow":["GET"]}}],"collection":[{"href":"https:\/\/krosigker-spatzennest.de\/index.php?rest_route=\/wp\/v2\/pages"}],"about":[{"href":"https:\/\/krosigker-spatzennest.de\/index.php?rest_route=\/wp\/v2\/types\/page"}],"author":[{"embeddable":true,"href":"https:\/\/krosigker-spatzennest.de\/index.php?rest_route=\/wp\/v2\/users\/1"}],"replies":[{"embeddable":true,"href":"https:\/\/krosigker-spatzennest.de\/index.php?rest_route=%2Fwp%2Fv2%2Fcomments&post=240"}],"version-history":[{"count":7,"href":"https:\/\/krosigker-spatzennest.de\/index.php?rest_route=\/wp\/v2\/pages\/240\/revisions"}],"predecessor-version":[{"id":289,"href":"https:\/\/krosigker-spatzennest.de\/index.php?rest_route=\/wp\/v2\/pages\/240\/revisions\/289"}],"wp:attachment":[{"href":"https:\/\/krosigker-spatzennest.de\/index.php?rest_route=%2Fwp%2Fv2%2Fmedia&parent=240"}],"curies":[{"name":"wp","href":"https:\/\/api.w.org\/{rel}","templated":true}]}}