{"id":223,"date":"2024-08-26T07:39:13","date_gmt":"2024-08-26T07:39:13","guid":{"rendered":"https:\/\/krosigker-spatzennest.de\/?page_id=223"},"modified":"2024-09-26T13:23:15","modified_gmt":"2024-09-26T13:23:15","slug":"aktuelles","status":"publish","type":"page","link":"https:\/\/krosigker-spatzennest.de\/?page_id=223","title":{"rendered":"Aktuelles"},"content":{"rendered":"\t\t<div data-elementor-type=\"wp-page\" data-elementor-id=\"223\" class=\"elementor elementor-223\">\n\t\t\t\t<div class=\"elementor-element elementor-element-6acfb9c e-flex e-con-boxed e-con e-parent\" data-id=\"6acfb9c\" data-element_type=\"container\" data-settings=\"{&quot;content_width&quot;:&quot;boxed&quot;}\" data-core-v316-plus=\"true\">\n\t\t\t\t\t<div class=\"e-con-inner\">\n\t\t<div class=\"elementor-element elementor-element-31c3931 e-con-full e-flex e-con e-child\" data-id=\"31c3931\" data-element_type=\"container\" data-settings=\"{&quot;content_width&quot;:&quot;full&quot;}\">\n\t\t\t\t<div class=\"elementor-element elementor-element-5b476ff elementor-widget elementor-widget-heading\" data-id=\"5b476ff\" data-element_type=\"widget\" data-widget_type=\"heading.default\">\n\t\t\t\t<div class=\"elementor-widget-container\">\n\t\t\t<style>\/*! elementor - v3.19.0 - 28-02-2024 *\/\n.elementor-heading-title{padding:0;margin:0;line-height:1}.elementor-widget-heading .elementor-heading-title[class*=elementor-size-]>a{color:inherit;font-size:inherit;line-height:inherit}.elementor-widget-heading .elementor-heading-title.elementor-size-small{font-size:15px}.elementor-widget-heading .elementor-heading-title.elementor-size-medium{font-size:19px}.elementor-widget-heading .elementor-heading-title.elementor-size-large{font-size:29px}.elementor-widget-heading .elementor-heading-title.elementor-size-xl{font-size:39px}.elementor-widget-heading .elementor-heading-title.elementor-size-xxl{font-size:59px}<\/style><h2 class=\"elementor-heading-title elementor-size-default\">Wir haben Geburtstag gefeiert!!!<\/h2>\t\t<\/div>\n\t\t\t\t<\/div>\n\t\t\t\t<div class=\"elementor-element elementor-element-aeb7ad3 elementor-widget elementor-widget-text-editor\" data-id=\"aeb7ad3\" data-element_type=\"widget\" data-widget_type=\"text-editor.default\">\n\t\t\t\t<div class=\"elementor-widget-container\">\n\t\t\t<style>\/*! elementor - v3.19.0 - 28-02-2024 *\/\n.elementor-widget-text-editor.elementor-drop-cap-view-stacked .elementor-drop-cap{background-color:#69727d;color:#fff}.elementor-widget-text-editor.elementor-drop-cap-view-framed .elementor-drop-cap{color:#69727d;border:3px solid;background-color:transparent}.elementor-widget-text-editor:not(.elementor-drop-cap-view-default) .elementor-drop-cap{margin-top:8px}.elementor-widget-text-editor:not(.elementor-drop-cap-view-default) .elementor-drop-cap-letter{width:1em;height:1em}.elementor-widget-text-editor .elementor-drop-cap{float:left;text-align:center;line-height:1;font-size:50px}.elementor-widget-text-editor .elementor-drop-cap-letter{display:inline-block}<\/style>\t\t\t\t<p>25 stolze Jahre ist die Gr\u00fcndung des B\u00fcrgervereins und die \u00dcbernahme durch selbigen nun her.<\/p><p>Das wurde nat\u00fcrlich gro\u00df gefeiert und Geschenke gab es auch.<\/p>\t\t\t\t\t\t<\/div>\n\t\t\t\t<\/div>\n\t\t\t\t<\/div>\n\t\t<div class=\"elementor-element elementor-element-080deca e-con-full e-flex e-con e-child\" data-id=\"080deca\" data-element_type=\"container\" data-settings=\"{&quot;content_width&quot;:&quot;full&quot;}\">\n\t\t\t\t<div class=\"elementor-element elementor-element-4339256 elementor-widget elementor-widget-image\" data-id=\"4339256\" data-element_type=\"widget\" data-widget_type=\"image.default\">\n\t\t\t\t<div class=\"elementor-widget-container\">\n\t\t\t<style>\/*! elementor - v3.19.0 - 28-02-2024 *\/\n.elementor-widget-image{text-align:center}.elementor-widget-image a{display:inline-block}.elementor-widget-image a img[src$=\".svg\"]{width:48px}.elementor-widget-image img{vertical-align:middle;display:inline-block}<\/style>\t\t\t\t\t\t\t\t\t\t<img fetchpriority=\"high\" decoding=\"async\" width=\"555\" height=\"335\" src=\"https:\/\/krosigker-spatzennest.de\/wp-content\/uploads\/2024\/08\/WhatsApp-Image-2024-08-21-at-00.26.18-1-555x335.jpeg\" class=\"attachment-preschool-and-kindergarten-about-thumb size-preschool-and-kindergarten-about-thumb wp-image-227\" alt=\"\" \/>\t\t\t\t\t\t\t\t\t\t\t\t\t<\/div>\n\t\t\t\t<\/div>\n\t\t\t\t<\/div>\n\t\t<div class=\"elementor-element elementor-element-cb63cbe e-con-full e-flex e-con e-child\" data-id=\"cb63cbe\" data-element_type=\"container\" data-settings=\"{&quot;content_width&quot;:&quot;full&quot;}\">\n\t\t\t\t<div class=\"elementor-element elementor-element-1225666 elementor-widget elementor-widget-image\" data-id=\"1225666\" data-element_type=\"widget\" data-widget_type=\"image.default\">\n\t\t\t\t<div class=\"elementor-widget-container\">\n\t\t\t\t\t\t\t\t\t\t\t\t\t<img decoding=\"async\" width=\"555\" height=\"335\" src=\"https:\/\/krosigker-spatzennest.de\/wp-content\/uploads\/2024\/08\/WhatsApp-Image-2024-08-21-at-00.26.18-555x335.jpeg\" class=\"attachment-preschool-and-kindergarten-about-thumb size-preschool-and-kindergarten-about-thumb wp-image-225\" alt=\"\" \/>\t\t\t\t\t\t\t\t\t\t\t\t\t<\/div>\n\t\t\t\t<\/div>\n\t\t\t\t<\/div>\n\t\t<div class=\"elementor-element elementor-element-6a628d5 e-con-full e-flex e-con e-child\" data-id=\"6a628d5\" data-element_type=\"container\" data-settings=\"{&quot;content_width&quot;:&quot;full&quot;}\">\n\t\t\t\t<div class=\"elementor-element elementor-element-6ed3b50 elementor-widget elementor-widget-image\" data-id=\"6ed3b50\" data-element_type=\"widget\" data-widget_type=\"image.default\">\n\t\t\t\t<div class=\"elementor-widget-container\">\n\t\t\t\t\t\t\t\t\t\t\t\t\t<img decoding=\"async\" width=\"555\" height=\"335\" src=\"https:\/\/krosigker-spatzennest.de\/wp-content\/uploads\/2024\/08\/WhatsApp-Image-2024-08-21-at-00.26.19-555x335.jpeg\" class=\"attachment-preschool-and-kindergarten-about-thumb size-preschool-and-kindergarten-about-thumb wp-image-228\" alt=\"\" \/>\t\t\t\t\t\t\t\t\t\t\t\t\t<\/div>\n\t\t\t\t<\/div>\n\t\t\t\t<\/div>\n\t\t\t\t\t<\/div>\n\t\t\t\t<\/div>\n\t\t<div class=\"elementor-element elementor-element-c635dda e-flex e-con-boxed e-con e-parent\" data-id=\"c635dda\" data-element_type=\"container\" data-settings=\"{&quot;content_width&quot;:&quot;boxed&quot;}\" data-core-v316-plus=\"true\">\n\t\t\t\t\t<div class=\"e-con-inner\">\n\t\t\t\t<div class=\"elementor-element elementor-element-bccf543 elementor-widget elementor-widget-text-editor\" data-id=\"bccf543\" data-element_type=\"widget\" data-widget_type=\"text-editor.default\">\n\t\t\t\t<div class=\"elementor-widget-container\">\n\t\t\t\t\t\t\t<p><strong>In unserer KiTa wird jedes Jahr ein individueller Jahresplan mit Lehrinhalten erstellt. Im letzten Jahr hat uns vor allem der Harz besch\u00e4ftigt.<\/strong><\/p>\t\t\t\t\t\t<\/div>\n\t\t\t\t<\/div>\n\t\t\t\t\t<\/div>\n\t\t\t\t<\/div>\n\t\t<div class=\"elementor-element elementor-element-a2fa490 e-flex e-con-boxed e-con e-parent\" data-id=\"a2fa490\" data-element_type=\"container\" data-settings=\"{&quot;content_width&quot;:&quot;boxed&quot;}\" data-core-v316-plus=\"true\">\n\t\t\t\t\t<div class=\"e-con-inner\">\n\t\t<div class=\"elementor-element elementor-element-12ef795 e-con-full e-flex e-con e-child\" data-id=\"12ef795\" data-element_type=\"container\" data-settings=\"{&quot;content_width&quot;:&quot;full&quot;}\">\n\t\t\t\t<div class=\"elementor-element elementor-element-aebe491 elementor-widget elementor-widget-image\" data-id=\"aebe491\" data-element_type=\"widget\" data-widget_type=\"image.default\">\n\t\t\t\t<div class=\"elementor-widget-container\">\n\t\t\t\t\t\t\t\t\t\t\t\t\t<img loading=\"lazy\" decoding=\"async\" width=\"555\" height=\"335\" src=\"https:\/\/krosigker-spatzennest.de\/wp-content\/uploads\/2024\/08\/WhatsApp-Image-2024-08-18-at-23.33.04-555x335.jpeg\" class=\"attachment-preschool-and-kindergarten-about-thumb size-preschool-and-kindergarten-about-thumb wp-image-229\" alt=\"\" \/>\t\t\t\t\t\t\t\t\t\t\t\t\t<\/div>\n\t\t\t\t<\/div>\n\t\t\t\t<div class=\"elementor-element elementor-element-3b4ded1 elementor-widget elementor-widget-image\" data-id=\"3b4ded1\" data-element_type=\"widget\" data-widget_type=\"image.default\">\n\t\t\t\t<div class=\"elementor-widget-container\">\n\t\t\t\t\t\t\t\t\t\t\t\t\t<img loading=\"lazy\" decoding=\"async\" width=\"555\" height=\"335\" src=\"https:\/\/krosigker-spatzennest.de\/wp-content\/uploads\/2024\/08\/WhatsApp-Image-2024-08-18-at-23.32.56-1-555x335.jpeg\" class=\"attachment-preschool-and-kindergarten-about-thumb size-preschool-and-kindergarten-about-thumb wp-image-230\" alt=\"\" \/>\t\t\t\t\t\t\t\t\t\t\t\t\t<\/div>\n\t\t\t\t<\/div>\n\t\t\t\t<\/div>\n\t\t<div class=\"elementor-element elementor-element-7e68099 e-con-full e-flex e-con e-child\" data-id=\"7e68099\" data-element_type=\"container\" data-settings=\"{&quot;content_width&quot;:&quot;full&quot;}\">\n\t\t\t\t<div class=\"elementor-element elementor-element-fb32b37 elementor-widget elementor-widget-image\" data-id=\"fb32b37\" data-element_type=\"widget\" data-widget_type=\"image.default\">\n\t\t\t\t<div class=\"elementor-widget-container\">\n\t\t\t\t\t\t\t\t\t\t\t\t\t<img loading=\"lazy\" decoding=\"async\" width=\"555\" height=\"335\" src=\"https:\/\/krosigker-spatzennest.de\/wp-content\/uploads\/2024\/08\/WhatsApp-Image-2024-08-18-at-23.32.58-555x335.jpeg\" class=\"attachment-preschool-and-kindergarten-about-thumb size-preschool-and-kindergarten-about-thumb wp-image-231\" alt=\"\" \/>\t\t\t\t\t\t\t\t\t\t\t\t\t<\/div>\n\t\t\t\t<\/div>\n\t\t\t\t<\/div>\n\t\t\t\t\t<\/div>\n\t\t\t\t<\/div>\n\t\t<div class=\"elementor-element elementor-element-b7e0eca e-flex e-con-boxed e-con e-parent\" data-id=\"b7e0eca\" data-element_type=\"container\" data-settings=\"{&quot;content_width&quot;:&quot;boxed&quot;}\" data-core-v316-plus=\"true\">\n\t\t\t\t\t<div class=\"e-con-inner\">\n\t\t\t\t<div class=\"elementor-element elementor-element-1cf8f8b elementor-widget elementor-widget-text-editor\" data-id=\"1cf8f8b\" data-element_type=\"widget\" data-widget_type=\"text-editor.default\">\n\t\t\t\t<div class=\"elementor-widget-container\">\n\t\t\t\t\t\t\t<p><strong>Regelm\u00e4\u00dfig nehmen wir auch an der Vergabe\u00a0 &#8222;Haus der kleinen Forscher&#8220; teil.<\/strong><\/p>\t\t\t\t\t\t<\/div>\n\t\t\t\t<\/div>\n\t\t\t\t\t<\/div>\n\t\t\t\t<\/div>\n\t\t<div class=\"elementor-element elementor-element-111b68e e-flex e-con-boxed e-con e-parent\" data-id=\"111b68e\" data-element_type=\"container\" data-settings=\"{&quot;content_width&quot;:&quot;boxed&quot;}\" data-core-v316-plus=\"true\">\n\t\t\t\t\t<div class=\"e-con-inner\">\n\t\t<div class=\"elementor-element elementor-element-b59a132 e-con-full e-flex e-con e-child\" data-id=\"b59a132\" data-element_type=\"container\" data-settings=\"{&quot;content_width&quot;:&quot;full&quot;}\">\n\t\t\t\t<div class=\"elementor-element elementor-element-d96094d elementor-widget elementor-widget-image\" data-id=\"d96094d\" data-element_type=\"widget\" data-widget_type=\"image.default\">\n\t\t\t\t<div class=\"elementor-widget-container\">\n\t\t\t\t\t\t\t\t\t\t\t\t\t<img loading=\"lazy\" decoding=\"async\" width=\"768\" height=\"1024\" src=\"https:\/\/krosigker-spatzennest.de\/wp-content\/uploads\/2024\/08\/WhatsApp-Image-2024-08-18-at-23.32.56-768x1024.jpeg\" class=\"attachment-medium_large size-medium_large wp-image-235\" alt=\"\" srcset=\"https:\/\/krosigker-spatzennest.de\/wp-content\/uploads\/2024\/08\/WhatsApp-Image-2024-08-18-at-23.32.56-768x1024.jpeg 768w, https:\/\/krosigker-spatzennest.de\/wp-content\/uploads\/2024\/08\/WhatsApp-Image-2024-08-18-at-23.32.56-225x300.jpeg 225w, https:\/\/krosigker-spatzennest.de\/wp-content\/uploads\/2024\/08\/WhatsApp-Image-2024-08-18-at-23.32.56-1152x1536.jpeg 1152w, https:\/\/krosigker-spatzennest.de\/wp-content\/uploads\/2024\/08\/WhatsApp-Image-2024-08-18-at-23.32.56.jpeg 1536w\" sizes=\"(max-width: 768px) 100vw, 768px\" \/>\t\t\t\t\t\t\t\t\t\t\t\t\t<\/div>\n\t\t\t\t<\/div>\n\t\t\t\t<\/div>\n\t\t<div class=\"elementor-element elementor-element-00b7834 e-con-full e-flex e-con e-child\" data-id=\"00b7834\" data-element_type=\"container\" data-settings=\"{&quot;content_width&quot;:&quot;full&quot;}\">\n\t\t\t\t<div class=\"elementor-element elementor-element-ae493d6 elementor-widget elementor-widget-image\" data-id=\"ae493d6\" data-element_type=\"widget\" data-widget_type=\"image.default\">\n\t\t\t\t<div class=\"elementor-widget-container\">\n\t\t\t\t\t\t\t\t\t\t\t\t\t<img loading=\"lazy\" decoding=\"async\" width=\"768\" height=\"1024\" src=\"https:\/\/krosigker-spatzennest.de\/wp-content\/uploads\/2024\/08\/WhatsApp-Image-2024-08-18-at-23.32.54-2-768x1024.jpeg\" class=\"attachment-large size-large wp-image-236\" alt=\"\" srcset=\"https:\/\/krosigker-spatzennest.de\/wp-content\/uploads\/2024\/08\/WhatsApp-Image-2024-08-18-at-23.32.54-2-768x1024.jpeg 768w, https:\/\/krosigker-spatzennest.de\/wp-content\/uploads\/2024\/08\/WhatsApp-Image-2024-08-18-at-23.32.54-2-225x300.jpeg 225w, https:\/\/krosigker-spatzennest.de\/wp-content\/uploads\/2024\/08\/WhatsApp-Image-2024-08-18-at-23.32.54-2-1152x1536.jpeg 1152w, https:\/\/krosigker-spatzennest.de\/wp-content\/uploads\/2024\/08\/WhatsApp-Image-2024-08-18-at-23.32.54-2.jpeg 1536w\" sizes=\"(max-width: 768px) 100vw, 768px\" \/>\t\t\t\t\t\t\t\t\t\t\t\t\t<\/div>\n\t\t\t\t<\/div>\n\t\t\t\t<\/div>\n\t\t\t\t\t<\/div>\n\t\t\t\t<\/div>\n\t\t\t\t<\/div>\n\t\t","protected":false},"excerpt":{"rendered":"<p>Wir haben Geburtstag gefeiert!!! 25 stolze Jahre ist die Gr\u00fcndung des B\u00fcrgervereins und die \u00dcbernahme durch selbigen nun her. Das wurde nat\u00fcrlich gro\u00df gefeiert und Geschenke gab es auch. In unserer KiTa wird jedes Jahr ein individueller Jahresplan mit Lehrinhalten &hellip; <\/p>\n","protected":false},"author":1,"featured_media":0,"parent":0,"menu_order":2,"comment_status":"closed","ping_status":"closed","template":"","meta":{"footnotes":""},"class_list":["post-223","page","type-page","status-publish","hentry"],"_links":{"self":[{"href":"https:\/\/krosigker-spatzennest.de\/index.php?rest_route=\/wp\/v2\/pages\/223","targetHints":{"allow":["GET"]}}],"collection":[{"href":"https:\/\/krosigker-spatzennest.de\/index.php?rest_route=\/wp\/v2\/pages"}],"about":[{"href":"https:\/\/krosigker-spatzennest.de\/index.php?rest_route=\/wp\/v2\/types\/page"}],"author":[{"embeddable":true,"href":"https:\/\/krosigker-spatzennest.de\/index.php?rest_route=\/wp\/v2\/users\/1"}],"replies":[{"embeddable":true,"href":"https:\/\/krosigker-spatzennest.de\/index.php?rest_route=%2Fwp%2Fv2%2Fcomments&post=223"}],"version-history":[{"count":13,"href":"https:\/\/krosigker-spatzennest.de\/index.php?rest_route=\/wp\/v2\/pages\/223\/revisions"}],"predecessor-version":[{"id":285,"href":"https:\/\/krosigker-spatzennest.de\/index.php?rest_route=\/wp\/v2\/pages\/223\/revisions\/285"}],"wp:attachment":[{"href":"https:\/\/krosigker-spatzennest.de\/index.php?rest_route=%2Fwp%2Fv2%2Fmedia&parent=223"}],"curies":[{"name":"wp","href":"https:\/\/api.w.org\/{rel}","templated":true}]}}