{"id":145,"date":"2023-08-01T06:13:02","date_gmt":"2023-08-01T06:13:02","guid":{"rendered":"https:\/\/kindergarten-krosigk.de\/?page_id=145"},"modified":"2024-09-26T13:02:33","modified_gmt":"2024-09-26T13:02:33","slug":"home","status":"publish","type":"page","link":"https:\/\/krosigker-spatzennest.de\/","title":{"rendered":"Home"},"content":{"rendered":"\t\t<div data-elementor-type=\"wp-page\" data-elementor-id=\"145\" class=\"elementor elementor-145\">\n\t\t\t\t<div class=\"elementor-element elementor-element-625e964 e-flex e-con-boxed e-con e-parent\" data-id=\"625e964\" data-element_type=\"container\" data-settings=\"{&quot;content_width&quot;:&quot;boxed&quot;}\" data-core-v316-plus=\"true\">\n\t\t\t\t\t<div class=\"e-con-inner\">\n\t\t<div class=\"elementor-element elementor-element-dae9911 e-con-full e-flex e-con e-child\" data-id=\"dae9911\" data-element_type=\"container\" data-settings=\"{&quot;content_width&quot;:&quot;full&quot;}\">\n\t\t\t\t<div class=\"elementor-element elementor-element-2077b1f elementor-widget elementor-widget-image\" data-id=\"2077b1f\" data-element_type=\"widget\" data-widget_type=\"image.default\">\n\t\t\t\t<div class=\"elementor-widget-container\">\n\t\t\t<style>\/*! elementor - v3.19.0 - 28-02-2024 *\/\n.elementor-widget-image{text-align:center}.elementor-widget-image a{display:inline-block}.elementor-widget-image a img[src$=\".svg\"]{width:48px}.elementor-widget-image img{vertical-align:middle;display:inline-block}<\/style>\t\t\t\t\t\t\t\t\t\t<img fetchpriority=\"high\" decoding=\"async\" width=\"300\" height=\"201\" src=\"https:\/\/krosigker-spatzennest.de\/wp-content\/uploads\/2023\/08\/AboutPage-Hero-Img_1-300x201.jpg\" class=\"attachment-medium size-medium wp-image-130\" alt=\"\" srcset=\"https:\/\/krosigker-spatzennest.de\/wp-content\/uploads\/2023\/08\/AboutPage-Hero-Img_1-300x201.jpg 300w, https:\/\/krosigker-spatzennest.de\/wp-content\/uploads\/2023\/08\/AboutPage-Hero-Img_1.jpg 328w\" sizes=\"(max-width: 300px) 100vw, 300px\" \/>\t\t\t\t\t\t\t\t\t\t\t\t\t<\/div>\n\t\t\t\t<\/div>\n\t\t\t\t<\/div>\n\t\t<div class=\"elementor-element elementor-element-d27488d e-con-full e-flex e-con e-child\" data-id=\"d27488d\" data-element_type=\"container\" data-settings=\"{&quot;content_width&quot;:&quot;full&quot;}\">\n\t\t\t\t<div class=\"elementor-element elementor-element-c293d71 elementor-widget elementor-widget-image\" data-id=\"c293d71\" data-element_type=\"widget\" data-widget_type=\"image.default\">\n\t\t\t\t<div class=\"elementor-widget-container\">\n\t\t\t\t\t\t\t\t\t\t\t\t\t<img decoding=\"async\" width=\"555\" height=\"335\" src=\"https:\/\/krosigker-spatzennest.de\/wp-content\/uploads\/2024\/08\/WhatsApp-Image-2024-08-18-at-23.32.53-555x335.jpeg\" class=\"attachment-preschool-and-kindergarten-about-thumb size-preschool-and-kindergarten-about-thumb wp-image-215\" alt=\"\" \/>\t\t\t\t\t\t\t\t\t\t\t\t\t<\/div>\n\t\t\t\t<\/div>\n\t\t\t\t<\/div>\n\t\t<div class=\"elementor-element elementor-element-9c3b352 e-con-full e-flex e-con e-child\" data-id=\"9c3b352\" data-element_type=\"container\" data-settings=\"{&quot;content_width&quot;:&quot;full&quot;}\">\n\t\t\t\t<div class=\"elementor-element elementor-element-c61d899 elementor-widget elementor-widget-image\" data-id=\"c61d899\" data-element_type=\"widget\" data-widget_type=\"image.default\">\n\t\t\t\t<div class=\"elementor-widget-container\">\n\t\t\t\t\t\t\t\t\t\t\t\t\t<img decoding=\"async\" width=\"300\" height=\"201\" src=\"https:\/\/krosigker-spatzennest.de\/wp-content\/uploads\/2023\/08\/Programs-FAQ-Img_1-300x201.jpg\" class=\"attachment-medium size-medium wp-image-124\" alt=\"\" srcset=\"https:\/\/krosigker-spatzennest.de\/wp-content\/uploads\/2023\/08\/Programs-FAQ-Img_1-300x201.jpg 300w, https:\/\/krosigker-spatzennest.de\/wp-content\/uploads\/2023\/08\/Programs-FAQ-Img_1.jpg 683w\" sizes=\"(max-width: 300px) 100vw, 300px\" \/>\t\t\t\t\t\t\t\t\t\t\t\t\t<\/div>\n\t\t\t\t<\/div>\n\t\t\t\t<\/div>\n\t\t\t\t\t<\/div>\n\t\t\t\t<\/div>\n\t\t<div class=\"elementor-element elementor-element-bbae67e e-flex e-con-boxed e-con e-parent\" data-id=\"bbae67e\" data-element_type=\"container\" data-settings=\"{&quot;content_width&quot;:&quot;boxed&quot;}\" data-core-v316-plus=\"true\">\n\t\t\t\t\t<div class=\"e-con-inner\">\n\t\t<div class=\"elementor-element elementor-element-841def2 e-con-full e-flex e-con e-child\" data-id=\"841def2\" data-element_type=\"container\" data-settings=\"{&quot;content_width&quot;:&quot;full&quot;}\">\n\t\t\t\t<div class=\"elementor-element elementor-element-4e4359b elementor-widget elementor-widget-text-editor\" data-id=\"4e4359b\" data-element_type=\"widget\" data-widget_type=\"text-editor.default\">\n\t\t\t\t<div class=\"elementor-widget-container\">\n\t\t\t<style>\/*! elementor - v3.19.0 - 28-02-2024 *\/\n.elementor-widget-text-editor.elementor-drop-cap-view-stacked .elementor-drop-cap{background-color:#69727d;color:#fff}.elementor-widget-text-editor.elementor-drop-cap-view-framed .elementor-drop-cap{color:#69727d;border:3px solid;background-color:transparent}.elementor-widget-text-editor:not(.elementor-drop-cap-view-default) .elementor-drop-cap{margin-top:8px}.elementor-widget-text-editor:not(.elementor-drop-cap-view-default) .elementor-drop-cap-letter{width:1em;height:1em}.elementor-widget-text-editor .elementor-drop-cap{float:left;text-align:center;line-height:1;font-size:50px}.elementor-widget-text-editor .elementor-drop-cap-letter{display:inline-block}<\/style>\t\t\t\t<p><strong>Hallo liebe Kinder und Eltern<\/strong><\/p><p>Unsere Kindertagesst\u00e4tte mit einer Gr\u00f6\u00dfe von 460 m\u00b2 befindet sich in ruhiger waldnaher Lage im Zentrum des Dorfes Krosigk in einer alten Burganlage. Zur Einrichtung geh\u00f6rt ein naturnaher 1000 m\u00b2 gro\u00dfer Garten, welcher mit seinen Spielger\u00e4ten, Sandk\u00e4sten und \u00fcberdachter Terrasse zum Spielen, Toben und Erforschen einl\u00e4dt.<\/p><p>In unserem Krippenbereich finden Kinder von 0 bis 3 Jahren ihren Platz. Ab 3 Jahren bis zur Einschulung besuchen die Kinder dann unseren Kindergartenbereich. Weitere Informationen zu den einzelnen Gruppen finden Sie unter der Rubrik \u201eUnsere Gruppen\u201c. Auch nach erfolgreicher Einschulung denken wir weiter an Ihre Kinder, indem unser Hortangebot in Anspruch genommen werden kann.<\/p>\t\t\t\t\t\t<\/div>\n\t\t\t\t<\/div>\n\t\t\t\t<\/div>\n\t\t<div class=\"elementor-element elementor-element-1296b25 e-con-full e-flex e-con e-child\" data-id=\"1296b25\" data-element_type=\"container\" data-settings=\"{&quot;content_width&quot;:&quot;full&quot;}\">\n\t\t\t\t<div class=\"elementor-element elementor-element-297b20e elementor-widget elementor-widget-image\" data-id=\"297b20e\" data-element_type=\"widget\" data-widget_type=\"image.default\">\n\t\t\t\t<div class=\"elementor-widget-container\">\n\t\t\t\t\t\t\t\t\t\t<figure class=\"wp-caption\">\n\t\t\t\t\t\t\t\t\t\t<img loading=\"lazy\" decoding=\"async\" width=\"832\" height=\"596\" src=\"https:\/\/krosigker-spatzennest.de\/wp-content\/uploads\/2023\/08\/030619-scaled-1-1024x734.jpg\" class=\"attachment-large size-large wp-image-196\" alt=\"\" srcset=\"https:\/\/krosigker-spatzennest.de\/wp-content\/uploads\/2023\/08\/030619-scaled-1-1024x734.jpg 1024w, https:\/\/krosigker-spatzennest.de\/wp-content\/uploads\/2023\/08\/030619-scaled-1-300x215.jpg 300w, https:\/\/krosigker-spatzennest.de\/wp-content\/uploads\/2023\/08\/030619-scaled-1-768x550.jpg 768w, https:\/\/krosigker-spatzennest.de\/wp-content\/uploads\/2023\/08\/030619-scaled-1-1536x1100.jpg 1536w, https:\/\/krosigker-spatzennest.de\/wp-content\/uploads\/2023\/08\/030619-scaled-1-2048x1467.jpg 2048w\" sizes=\"(max-width: 832px) 100vw, 832px\" \/>\t\t\t\t\t\t\t\t\t\t\t<figcaption class=\"widget-image-caption wp-caption-text\">Aquarell, Rackwitz, 2019<\/figcaption>\n\t\t\t\t\t\t\t\t\t\t<\/figure>\n\t\t\t\t\t\t\t<\/div>\n\t\t\t\t<\/div>\n\t\t\t\t<\/div>\n\t\t\t\t\t<\/div>\n\t\t\t\t<\/div>\n\t\t<div class=\"elementor-element elementor-element-bb961ea e-flex e-con-boxed e-con e-parent\" data-id=\"bb961ea\" data-element_type=\"container\" data-settings=\"{&quot;content_width&quot;:&quot;boxed&quot;}\" data-core-v316-plus=\"true\">\n\t\t\t\t\t<div class=\"e-con-inner\">\n\t\t<div class=\"elementor-element elementor-element-831eb0c e-con-full e-flex e-con e-child\" data-id=\"831eb0c\" data-element_type=\"container\" data-settings=\"{&quot;content_width&quot;:&quot;full&quot;}\">\n\t\t\t\t<div class=\"elementor-element elementor-element-88de06e elementor-widget elementor-widget-image\" data-id=\"88de06e\" data-element_type=\"widget\" data-widget_type=\"image.default\">\n\t\t\t\t<div class=\"elementor-widget-container\">\n\t\t\t\t\t\t\t\t\t\t\t\t\t<img loading=\"lazy\" decoding=\"async\" width=\"570\" height=\"474\" src=\"https:\/\/krosigker-spatzennest.de\/wp-content\/uploads\/2024\/08\/WhatsApp-Image-2024-08-18-at-23.32.54-570x474.jpeg\" class=\"attachment-preschool-and-kindergarten-testimonials-thumb size-preschool-and-kindergarten-testimonials-thumb wp-image-216\" alt=\"\" \/>\t\t\t\t\t\t\t\t\t\t\t\t\t<\/div>\n\t\t\t\t<\/div>\n\t\t\t\t<\/div>\n\t\t<div class=\"elementor-element elementor-element-7dd9068 e-con-full e-flex e-con e-child\" data-id=\"7dd9068\" data-element_type=\"container\" data-settings=\"{&quot;content_width&quot;:&quot;full&quot;}\">\n\t\t\t\t<div class=\"elementor-element elementor-element-3165e8e elementor-widget elementor-widget-text-editor\" data-id=\"3165e8e\" data-element_type=\"widget\" data-widget_type=\"text-editor.default\">\n\t\t\t\t<div class=\"elementor-widget-container\">\n\t\t\t\t\t\t\t<p>Unsere Einrichtung arbeitet nach einem naturp\u00e4dagogischen und k\u00fcnstlerischen Konzept. Somit steht bei uns die erlebnisorientierte Arbeit mit der Natur im Vordergrund. Naturerfahrungen sind wichtig f\u00fcr eine gesunde, k\u00f6rperliche, geistige und seelische Entwicklung der Kinder und verhelfen zu einer starken Pers\u00f6nlichkeit im sp\u00e4teren Leben.<\/p><p>Zur Umsetzung und Erreichung unserer p\u00e4dagogischen Ziele arbeiten wir mit Jahrespl\u00e4nen, die sich an aktuellen Ereignissen, Bed\u00fcrfnissen und Interessen von Kindern und Eltern orientieren.<\/p><p>Sollten wir Ihr Interesse geweckt haben, melden Sie sich gerne bei uns und schauen sich unsere Einrichtung an. Wir haben noch freie Pl\u00e4tze in der Krippe, im Kindergarten und im Hort. Aus diesem Grund w\u00fcrden wir uns freuen, Ihr Kind als Neuzugang begr\u00fc\u00dfen zu k\u00f6nnen.<\/p><p><strong>Ihr Team des Krosigker Spatzennestes<\/strong><\/p>\t\t\t\t\t\t<\/div>\n\t\t\t\t<\/div>\n\t\t\t\t<\/div>\n\t\t\t\t\t<\/div>\n\t\t\t\t<\/div>\n\t\t<div class=\"elementor-element elementor-element-2aa658f e-flex e-con-boxed e-con e-parent\" data-id=\"2aa658f\" data-element_type=\"container\" data-settings=\"{&quot;content_width&quot;:&quot;boxed&quot;}\" data-core-v316-plus=\"true\">\n\t\t\t\t\t<div class=\"e-con-inner\">\n\t\t<div class=\"elementor-element elementor-element-34cf985 e-con-full e-flex e-con e-child\" data-id=\"34cf985\" data-element_type=\"container\" data-settings=\"{&quot;content_width&quot;:&quot;full&quot;}\">\n\t\t\t\t<div class=\"elementor-element elementor-element-5c3f15f elementor-widget elementor-widget-image\" data-id=\"5c3f15f\" data-element_type=\"widget\" data-widget_type=\"image.default\">\n\t\t\t\t<div class=\"elementor-widget-container\">\n\t\t\t\t\t\t\t\t\t\t\t\t\t<img loading=\"lazy\" decoding=\"async\" width=\"570\" height=\"474\" src=\"https:\/\/krosigker-spatzennest.de\/wp-content\/uploads\/2024\/08\/Aussen3-570x474.jpeg\" class=\"attachment-preschool-and-kindergarten-testimonials-thumb size-preschool-and-kindergarten-testimonials-thumb wp-image-217\" alt=\"\" \/>\t\t\t\t\t\t\t\t\t\t\t\t\t<\/div>\n\t\t\t\t<\/div>\n\t\t\t\t<\/div>\n\t\t<div class=\"elementor-element elementor-element-faa44bc e-con-full e-flex e-con e-child\" data-id=\"faa44bc\" data-element_type=\"container\" data-settings=\"{&quot;content_width&quot;:&quot;full&quot;}\">\n\t\t\t\t<div class=\"elementor-element elementor-element-2c08975 elementor-widget elementor-widget-image\" data-id=\"2c08975\" data-element_type=\"widget\" data-widget_type=\"image.default\">\n\t\t\t\t<div class=\"elementor-widget-container\">\n\t\t\t\t\t\t\t\t\t\t\t\t\t<img loading=\"lazy\" decoding=\"async\" width=\"570\" height=\"474\" src=\"https:\/\/krosigker-spatzennest.de\/wp-content\/uploads\/2024\/08\/Aussen2-570x474.jpeg\" class=\"attachment-preschool-and-kindergarten-testimonials-thumb size-preschool-and-kindergarten-testimonials-thumb wp-image-218\" alt=\"\" \/>\t\t\t\t\t\t\t\t\t\t\t\t\t<\/div>\n\t\t\t\t<\/div>\n\t\t\t\t<\/div>\n\t\t<div class=\"elementor-element elementor-element-5b05bb2 e-con-full e-flex e-con e-child\" data-id=\"5b05bb2\" data-element_type=\"container\" data-settings=\"{&quot;content_width&quot;:&quot;full&quot;}\">\n\t\t\t\t<div class=\"elementor-element elementor-element-0812e56 elementor-widget elementor-widget-image\" data-id=\"0812e56\" data-element_type=\"widget\" data-widget_type=\"image.default\">\n\t\t\t\t<div class=\"elementor-widget-container\">\n\t\t\t\t\t\t\t\t\t\t\t\t\t<img loading=\"lazy\" decoding=\"async\" width=\"570\" height=\"474\" src=\"https:\/\/krosigker-spatzennest.de\/wp-content\/uploads\/2024\/08\/Aussen-570x474.jpeg\" class=\"attachment-preschool-and-kindergarten-testimonials-thumb size-preschool-and-kindergarten-testimonials-thumb wp-image-219\" alt=\"\" \/>\t\t\t\t\t\t\t\t\t\t\t\t\t<\/div>\n\t\t\t\t<\/div>\n\t\t\t\t<\/div>\n\t\t\t\t\t<\/div>\n\t\t\t\t<\/div>\n\t\t\t\t<\/div>\n\t\t","protected":false},"excerpt":{"rendered":"<p>Hallo liebe Kinder und Eltern Unsere Kindertagesst\u00e4tte mit einer Gr\u00f6\u00dfe von 460 m\u00b2 befindet sich in ruhiger waldnaher Lage im Zentrum des Dorfes Krosigk in einer alten Burganlage. Zur Einrichtung geh\u00f6rt ein naturnaher 1000 m\u00b2 gro\u00dfer Garten, welcher mit seinen &hellip; <\/p>\n","protected":false},"author":1,"featured_media":0,"parent":0,"menu_order":1,"comment_status":"closed","ping_status":"closed","template":"elementor_header_footer","meta":{"footnotes":""},"class_list":["post-145","page","type-page","status-publish","hentry"],"_links":{"self":[{"href":"https:\/\/krosigker-spatzennest.de\/index.php?rest_route=\/wp\/v2\/pages\/145","targetHints":{"allow":["GET"]}}],"collection":[{"href":"https:\/\/krosigker-spatzennest.de\/index.php?rest_route=\/wp\/v2\/pages"}],"about":[{"href":"https:\/\/krosigker-spatzennest.de\/index.php?rest_route=\/wp\/v2\/types\/page"}],"author":[{"embeddable":true,"href":"https:\/\/krosigker-spatzennest.de\/index.php?rest_route=\/wp\/v2\/users\/1"}],"replies":[{"embeddable":true,"href":"https:\/\/krosigker-spatzennest.de\/index.php?rest_route=%2Fwp%2Fv2%2Fcomments&post=145"}],"version-history":[{"count":15,"href":"https:\/\/krosigker-spatzennest.de\/index.php?rest_route=\/wp\/v2\/pages\/145\/revisions"}],"predecessor-version":[{"id":278,"href":"https:\/\/krosigker-spatzennest.de\/index.php?rest_route=\/wp\/v2\/pages\/145\/revisions\/278"}],"wp:attachment":[{"href":"https:\/\/krosigker-spatzennest.de\/index.php?rest_route=%2Fwp%2Fv2%2Fmedia&parent=145"}],"curies":[{"name":"wp","href":"https:\/\/api.w.org\/{rel}","templated":true}]}}